{"id":219,"date":"2025-06-25T14:37:18","date_gmt":"2025-06-25T14:37:18","guid":{"rendered":"https:\/\/mautani.shop\/?page_id=219"},"modified":"2025-06-25T14:40:35","modified_gmt":"2025-06-25T14:40:35","slug":"page-merci","status":"publish","type":"page","link":"https:\/\/mautani.shop\/?page_id=219","title":{"rendered":"page merci"},"content":{"rendered":"\t\t<div data-elementor-type=\"wp-page\" data-elementor-id=\"219\" class=\"elementor elementor-219\" data-elementor-post-type=\"page\">\n\t\t\t\t\t\t<section class=\"elementor-section elementor-top-section elementor-element elementor-element-52847fb8 elementor-section-boxed elementor-section-height-default elementor-section-height-default\" data-id=\"52847fb8\" data-element_type=\"section\" data-e-type=\"section\">\n\t\t\t\t\t\t\t<div class=\"elementor-background-overlay\"><\/div>\n\t\t\t\t\t\t\t<div class=\"elementor-container elementor-column-gap-default\">\n\t\t\t\t\t<div class=\"elementor-column elementor-col-100 elementor-top-column elementor-element elementor-element-3ea6597\" data-id=\"3ea6597\" data-element_type=\"column\" data-e-type=\"column\">\n\t\t\t<div class=\"elementor-widget-wrap elementor-element-populated\">\n\t\t\t\t\t\t<div class=\"elementor-element elementor-element-5dce6e75 elementor-widget elementor-widget-html\" data-id=\"5dce6e75\" data-element_type=\"widget\" data-e-type=\"widget\" data-widget_type=\"html.default\">\n\t\t\t\t<div class=\"elementor-widget-container\">\n\t\t\t\t\t\n\t<script>\n\t\t!function (w, d, t) {\n\t\t  w.TiktokAnalyticsObject=t;var ttq=w[t]=w[t]||[];ttq.methods=[\"page\",\"track\",\"identify\",\"instances\",\"debug\",\"on\",\"off\",\"once\",\"ready\",\"alias\",\"group\",\"enableCookie\",\"disableCookie\"],ttq.setAndDefer=function(t,e){t[e]=function(){t.push([e].concat(Array.prototype.slice.call(arguments,0)))}};for(var i=0;i<ttq.methods.length;i++)ttq.setAndDefer(ttq,ttq.methods[i]);ttq.instance=function(t){for(var e=ttq._i[t]||[],n=0;n<ttq.methods.length;n++\n)ttq.setAndDefer(e,ttq.methods[n]);return e},ttq.load=function(e,n){var i=\"https:\/\/analytics.tiktok.com\/i18n\/pixel\/events.js\";ttq._i=ttq._i||{},ttq._i[e]=[],ttq._i[e]._u=i,ttq._t=ttq._t||{},ttq._t[e]=+new Date,ttq._o=ttq._o||{},ttq._o[e]=n||{};n=document.createElement(\"script\");n.type=\"text\/javascript\",n.async=!0,n.src=i+\"?sdkid=\"+e+\"&lib=\"+t;e=document.getElementsByTagName(\"script\")[0];e.parentNode.insertBefore(n,e)};\n\t\t\n\t\t  ttq.load('CD7G5TBC77UARHIN3S1G');\n\t\t  ttq.page();\n\t\t}(window, document, 'ttq');\nttq.track('CompletePayment') \t<\/script>\n\t\t\t\t\t<\/div>\n\t\t\t\t<\/div>\n\t\t\t\t<div class=\"elementor-element elementor-element-1240ad25 elementor-widget elementor-widget-heading\" data-id=\"1240ad25\" data-element_type=\"widget\" data-e-type=\"widget\" data-widget_type=\"heading.default\">\n\t\t\t\t<div class=\"elementor-widget-container\">\n\t\t\t\t\t<h2 class=\"elementor-heading-title elementor-size-default\">Merci, votre commande a \u00e9t\u00e9 finalis\u00e9e avec succ\u00e8s.<\/h2>\t\t\t\t<\/div>\n\t\t\t\t<\/div>\n\t\t\t\t\t<\/div>\n\t\t<\/div>\n\t\t\t\t\t<\/div>\n\t\t<\/section>\n\t\t\t\t<section class=\"elementor-section elementor-top-section elementor-element elementor-element-179532fd elementor-section-boxed elementor-section-height-default elementor-section-height-default\" data-id=\"179532fd\" data-element_type=\"section\" data-e-type=\"section\">\n\t\t\t\t\t\t<div class=\"elementor-container elementor-column-gap-no\">\n\t\t\t\t\t<div class=\"elementor-column elementor-col-100 elementor-top-column elementor-element elementor-element-6a4d5bd2\" data-id=\"6a4d5bd2\" data-element_type=\"column\" data-e-type=\"column\">\n\t\t\t<div class=\"elementor-widget-wrap elementor-element-populated\">\n\t\t\t\t\t\t<div class=\"elementor-element elementor-element-7e489c93 elementor-widget elementor-widget-html\" data-id=\"7e489c93\" data-element_type=\"widget\" data-e-type=\"widget\" data-widget_type=\"html.default\">\n\t\t\t\t<div class=\"elementor-widget-container\">\n\t\t\t\t\t\t<script>\n\t\t!function (w, d, t) {\n\t\t  w.TiktokAnalyticsObject=t;var ttq=w[t]=w[t]||[];ttq.methods=[\"page\",\"track\",\"identify\",\"instances\",\"debug\",\"on\",\"off\",\"once\",\"ready\",\"alias\",\"group\",\"enableCookie\",\"disableCookie\"],ttq.setAndDefer=function(t,e){t[e]=function(){t.push([e].concat(Array.prototype.slice.call(arguments,0)))}};for(var i=0;i<ttq.methods.length;i++)ttq.setAndDefer(ttq,ttq.methods[i]);ttq.instance=function(t){for(var e=ttq._i[t]||[],n=0;n<ttq.methods.length;n++\n)ttq.setAndDefer(e,ttq.methods[n]);return e},ttq.load=function(e,n){var i=\"https:\/\/analytics.tiktok.com\/i18n\/pixel\/events.js\";ttq._i=ttq._i||{},ttq._i[e]=[],ttq._i[e]._u=i,ttq._t=ttq._t||{},ttq._t[e]=+new Date,ttq._o=ttq._o||{},ttq._o[e]=n||{};n=document.createElement(\"script\");n.type=\"text\/javascript\",n.async=!0,n.src=i+\"?sdkid=\"+e+\"&lib=\"+t;e=document.getElementsByTagName(\"script\")[0];e.parentNode.insertBefore(n,e)};\n\t\t\n\t\t  ttq.load('CBFATRRC77UDNF1U32EG');\n\t\t  ttq.page();\n\t\t}(window, document, 'ttq');\n\tttq.track('CompletePayment') \n\t<\/script>\n\t\t\t\t\t<\/div>\n\t\t\t\t<\/div>\n\t\t\t\t<div class=\"elementor-element elementor-element-48fe917a elementor-widget elementor-widget-html\" data-id=\"48fe917a\" data-element_type=\"widget\" data-e-type=\"widget\" data-widget_type=\"html.default\">\n\t\t\t\t<div class=\"elementor-widget-container\">\n\t\t\t\t\t<!-- Global site tag (gtag.js) - Google Ads: 811282395 -->\r\n<script async src=\"https:\/\/www.googletagmanager.com\/gtag\/js?id=AW-811282395\"><\/script>\r\n<script>\r\n  window.dataLayer = window.dataLayer || [];\r\n  function gtag(){dataLayer.push(arguments);}\r\n  gtag('js', new Date());\r\n\r\n  gtag('config', 'AW-811282395');\r\n<\/script>\r\n<!-- Event snippet for Achat La7ya (1) conversion page -->\r\n<script>\r\n  gtag('event', 'conversion', {'send_to': 'AW-811282395\/1k1JCN6Om9YDENvf7IID'});\r\n<\/script>\r\n\r\n\t\t\t\t<\/div>\n\t\t\t\t<\/div>\n\t\t\t\t<div class=\"elementor-element elementor-element-69aea42c elementor-widget elementor-widget-image\" data-id=\"69aea42c\" data-element_type=\"widget\" data-e-type=\"widget\" data-widget_type=\"image.default\">\n\t\t\t\t<div class=\"elementor-widget-container\">\n\t\t\t\t\t\t\t\t\t\t\t\t\t\t\t<img fetchpriority=\"high\" decoding=\"async\" width=\"500\" height=\"424\" src=\"https:\/\/mautani.shop\/wp-content\/uploads\/2025\/05\/ThankYou-Heart-removebg-preview.png\" class=\"attachment-large size-large wp-image-95\" alt=\"\" srcset=\"https:\/\/mautani.shop\/wp-content\/uploads\/2025\/05\/ThankYou-Heart-removebg-preview.png 500w, https:\/\/mautani.shop\/wp-content\/uploads\/2025\/05\/ThankYou-Heart-removebg-preview-300x254.png 300w\" sizes=\"(max-width: 500px) 100vw, 500px\" \/>\t\t\t\t\t\t\t\t\t\t\t\t\t\t\t<\/div>\n\t\t\t\t<\/div>\n\t\t\t\t<div class=\"elementor-element elementor-element-3044182d elementor-widget elementor-widget-heading\" data-id=\"3044182d\" data-element_type=\"widget\" data-e-type=\"widget\" data-widget_type=\"heading.default\">\n\t\t\t\t<div class=\"elementor-widget-container\">\n\t\t\t\t\t<h2 class=\"elementor-heading-title elementor-size-default\"><span style=\"font-size: 45.5324px\">nous vous appellerons bient\u00f4t<\/span><\/h2>\t\t\t\t<\/div>\n\t\t\t\t<\/div>\n\t\t\t\t\t<\/div>\n\t\t<\/div>\n\t\t\t\t\t<\/div>\n\t\t<\/section>\n\t\t\t\t<section class=\"elementor-section elementor-top-section elementor-element elementor-element-3ea943f6 elementor-section-boxed elementor-section-height-default elementor-section-height-default\" data-id=\"3ea943f6\" data-element_type=\"section\" data-e-type=\"section\">\n\t\t\t\t\t\t<div class=\"elementor-container elementor-column-gap-default\">\n\t\t\t\t\t<div class=\"elementor-column elementor-col-100 elementor-top-column elementor-element elementor-element-4c63d3d2\" data-id=\"4c63d3d2\" data-element_type=\"column\" data-e-type=\"column\">\n\t\t\t<div class=\"elementor-widget-wrap\">\n\t\t\t\t\t\t\t<\/div>\n\t\t<\/div>\n\t\t\t\t\t<\/div>\n\t\t<\/section>\n\t\t\t\t<\/div>\n\t\t","protected":false},"excerpt":{"rendered":"<p>Merci, votre commande a \u00e9t\u00e9 finalis\u00e9e avec succ\u00e8s. nous vous appellerons bient\u00f4t<\/p>\n","protected":false},"author":1,"featured_media":0,"parent":0,"menu_order":0,"comment_status":"closed","ping_status":"closed","template":"elementor_canvas","meta":{"site-sidebar-layout":"default","site-content-layout":"","ast-site-content-layout":"default","site-content-style":"default","site-sidebar-style":"default","ast-global-header-display":"","ast-banner-title-visibility":"","ast-main-header-display":"","ast-hfb-above-header-display":"","ast-hfb-below-header-display":"","ast-hfb-mobile-header-display":"","site-post-title":"","ast-breadcrumbs-content":"","ast-featured-img":"","footer-sml-layout":"","ast-disable-related-posts":"","theme-transparent-header-meta":"","adv-header-id-meta":"","stick-header-meta":"","header-above-stick-meta":"","header-main-stick-meta":"","header-below-stick-meta":"","astra-migrate-meta-layouts":"default","ast-page-background-enabled":"default","ast-page-background-meta":{"desktop":{"background-color":"var(--ast-global-color-5)","background-image":"","background-repeat":"repeat","background-position":"center center","background-size":"auto","background-attachment":"scroll","background-type":"","background-media":"","overlay-type":"","overlay-color":"","overlay-opacity":"","overlay-gradient":""},"tablet":{"background-color":"","background-image":"","background-repeat":"repeat","background-position":"center center","background-size":"auto","background-attachment":"scroll","background-type":"","background-media":"","overlay-type":"","overlay-color":"","overlay-opacity":"","overlay-gradient":""},"mobile":{"background-color":"","background-image":"","background-repeat":"repeat","background-position":"center center","background-size":"auto","background-attachment":"scroll","background-type":"","background-media":"","overlay-type":"","overlay-color":"","overlay-opacity":"","overlay-gradient":""}},"ast-content-background-meta":{"desktop":{"background-color":"var(--ast-global-color-4)","background-image":"","background-repeat":"repeat","background-position":"center center","background-size":"auto","background-attachment":"scroll","background-type":"","background-media":"","overlay-type":"","overlay-color":"","overlay-opacity":"","overlay-gradient":""},"tablet":{"background-color":"var(--ast-global-color-4)","background-image":"","background-repeat":"repeat","background-position":"center center","background-size":"auto","background-attachment":"scroll","background-type":"","background-media":"","overlay-type":"","overlay-color":"","overlay-opacity":"","overlay-gradient":""},"mobile":{"background-color":"var(--ast-global-color-4)","background-image":"","background-repeat":"repeat","background-position":"center center","background-size":"auto","background-attachment":"scroll","background-type":"","background-media":"","overlay-type":"","overlay-color":"","overlay-opacity":"","overlay-gradient":""}},"footnotes":""},"class_list":["post-219","page","type-page","status-publish","hentry"],"_links":{"self":[{"href":"https:\/\/mautani.shop\/index.php?rest_route=\/wp\/v2\/pages\/219","targetHints":{"allow":["GET"]}}],"collection":[{"href":"https:\/\/mautani.shop\/index.php?rest_route=\/wp\/v2\/pages"}],"about":[{"href":"https:\/\/mautani.shop\/index.php?rest_route=\/wp\/v2\/types\/page"}],"author":[{"embeddable":true,"href":"https:\/\/mautani.shop\/index.php?rest_route=\/wp\/v2\/users\/1"}],"replies":[{"embeddable":true,"href":"https:\/\/mautani.shop\/index.php?rest_route=%2Fwp%2Fv2%2Fcomments&post=219"}],"version-history":[{"count":4,"href":"https:\/\/mautani.shop\/index.php?rest_route=\/wp\/v2\/pages\/219\/revisions"}],"predecessor-version":[{"id":227,"href":"https:\/\/mautani.shop\/index.php?rest_route=\/wp\/v2\/pages\/219\/revisions\/227"}],"wp:attachment":[{"href":"https:\/\/mautani.shop\/index.php?rest_route=%2Fwp%2Fv2%2Fmedia&parent=219"}],"curies":[{"name":"wp","href":"https:\/\/api.w.org\/{rel}","templated":true}]}}